{"id":217,"date":"2025-07-16T14:23:34","date_gmt":"2025-07-16T14:23:34","guid":{"rendered":"https:\/\/kuzgunlab.com\/?page_id=217"},"modified":"2026-04-07T11:22:59","modified_gmt":"2026-04-07T11:22:59","slug":"iletisim","status":"publish","type":"page","link":"https:\/\/kuzgunlab.com\/?page_id=217","title":{"rendered":"\u0130leti\u015fim"},"content":{"rendered":"<div class=\"brz brz-root__container brz-reset-all brz-root__container-page\">\n<section id=\"wRLGvP2LnKb2_wRLGvP2LnKb2\" class=\"brz-section brz-css-d-section brz-css-1dvc3ae\">\n<div class=\"brz-section__content brz-section--boxed brz-css-d-sectionitem-bg brz-css-bp5cz2\" data-brz-custom-id=\"iVPizkprj0gN\">\n<div class=\"brz-bg\">\n<div class=\"brz-bg-image\"><\/div>\n<div class=\"brz-bg-color\"><\/div>\n<\/div>\n<div class=\"brz-container brz-css-d-sectionitem-container brz-css-g54orr\">\n<div class=\"brz-row__container brz-css-d-row-row brz-css-rwpr5d\" data-brz-custom-id=\"xje1bSUcNRxR\">\n<div class=\"brz-row brz-css-d-row-container brz-css-r-row-container brz-css-1kmq23l\">\n<div class=\"brz-columns brz-css-d-column-column brz-css-3earv\" data-brz-custom-id=\"drL7t10vF3rQ\">\n<div class=\"brz-column__items brz-css-d-column-bg brz-css-171cp0p\">\n<div id=\"\" class=\"brz-css-d-wrapper brz-css-i64cb2 brz-wrapper\">\n<div class=\"brz-image brz-css-d-image-niyza0mghtj2-parent brz-css-1lhofsw\" data-brz-custom-id=\"nIyza0MgHtj2\"><a class=\"brz-a\" target=\"_self\" rel=\"noopener\" href=\"https:\/\/kuzgunlab.com\/\" data-brz-link-type=\"page\"><img decoding=\"async\" class=\"brz-img\" src=\"https:\/\/kuzgunlab.com\/wp-content\/uploads\/2025\/12\/seffaf11-1.png\" loading=\"lazy\" title=\"\"><\/a><\/div>\n<\/div>\n<\/div>\n<\/div>\n<div class=\"brz-columns brz-css-d-column-column brz-css-1y75e6v\" data-brz-custom-id=\"nw7SoWoOVo7v\">\n<div class=\"brz-column__items brz-css-d-column-bg brz-css-wufacq\">\n<div id=\"\" data-brz-iteration-count=\"1\" class=\"brz-css-d-wrapper brz-css-grgai3 brz-wrapper brz-animated brz-css-d-wrapper-animation-fadein-1000-0-false brz-css-unyp75\" data-animationid=\"a9jV3dqCZFww\">\n<div class=\"brz-rich-text brz-rich-text__custom brz-css-d-richtext brz-css-1chp4x\" data-brz-custom-id=\"e_eoCsxLono6\">\n<div data-brz-translate-text=\"1\">\n<p class=\"brz-ft-google brz-fs-lg-25 brz-fss-lg-px brz-fw-lg-700 brz-ls-lg-m_1_5 brz-lh-lg-1_3 brz-vfw-lg-400 brz-fwdth-lg-100 brz-fsft-lg-0 brz-tp-lg-empty brz-ff-nunito brz-mt-lg-100 brz-mb-lg-0 brz-text-lg-center brz-fss-xs-px brz-fw-xs-700 brz-ls-xs-m_1_5 brz-lh-xs-1_3 brz-vfw-xs-400 brz-fwdth-xs-100 brz-fsft-xs-0 brz-tp-xs-empty brz-fs-xs-21 brz-css-vqQLq\" data-uniq-id=\"sBtAY\" data-generated-css=\"brz-css-jCT10\"><span class=\" brz-span\">\u0130LET\u0130\u015e\u0130M<\/span><\/p>\n<p class=\"brz-mb-lg-10 brz-mt-lg-10 brz-ft-google brz-fs-lg-25 brz-fss-lg-px brz-fw-lg-700 brz-ls-lg-m_1_5 brz-lh-lg-1_3 brz-vfw-lg-400 brz-fwdth-lg-100 brz-fsft-lg-0 brz-tp-lg-empty brz-ff-nunito brz-css-tLaZe\" data-uniq-id=\"xyO0I\" data-generated-css=\"brz-css-jsT3r\"><\/p>\n<\/div>\n<\/div>\n<\/div>\n<div id=\"\" class=\"brz-css-d-wrapper brz-css-197wn0t brz-wrapper\">\n<div class=\"brz-menu-simple brz-css-d-wpnavigation brz-css-1l06fr7\">\n<div style=\"min-height:20px\">\n<div class=\"menu-ust-menu-container\">\n<ul id=\"menu-ust-menu\" class=\"menu\">\n<li id=\"menu-item-905\" class=\"menu-item menu-item-type-post_type menu-item-object-page menu-item-home menu-item-905\"><a href=\"https:\/\/kuzgunlab.com\/\" class=\"menu-link\">Anasayfa<\/a><\/li>\n<li id=\"menu-item-1024\" class=\"menu-item menu-item-type-post_type menu-item-object-page menu-item-has-children menu-item-1024\"><a aria-expanded=\"false\" href=\"https:\/\/kuzgunlab.com\/?page_id=1019\" class=\"menu-link\">Hizmetlerimiz<span role=\"application\" class=\"dropdown-menu-toggle ast-header-navigation-arrow\" aria-expanded=\"false\" aria-label=\"Menu d\u00fc\u011fmesi\"><\/span><\/a>\n<ul class=\"sub-menu\">\n<li id=\"menu-item-1034\" class=\"menu-item menu-item-type-post_type menu-item-object-page menu-item-1034\"><a href=\"https:\/\/kuzgunlab.com\/?page_id=1030\" class=\"menu-link\">End\u00fcstriyel Teknolojiler<\/a><\/li>\n<li id=\"menu-item-1153\" class=\"menu-item menu-item-type-post_type menu-item-object-page menu-item-1153\"><a href=\"https:\/\/kuzgunlab.com\/?page_id=1152\" class=\"menu-link\">Havac\u0131l\u0131k ve Savunma Teknolojileri<\/a><\/li>\n<li id=\"menu-item-1191\" class=\"menu-item menu-item-type-post_type menu-item-object-page menu-item-1191\"><a href=\"https:\/\/kuzgunlab.com\/?page_id=1190\" class=\"menu-link\">Yapay Zeka Uygulamalar\u0131<\/a><\/li>\n<li id=\"menu-item-1184\" class=\"menu-item menu-item-type-post_type menu-item-object-page menu-item-1184\"><a href=\"https:\/\/kuzgunlab.com\/?page_id=1183\" class=\"menu-link\">Teknik Servis ve Dan\u0131\u015fmanl\u0131k<\/a><\/li>\n<\/ul>\n<\/li>\n<li id=\"menu-item-221\" class=\"menu-item menu-item-type-post_type menu-item-object-page menu-item-221\"><a href=\"https:\/\/kuzgunlab.com\/?page_id=217\" class=\"menu-link\">\u0130leti\u015fim<\/a><\/li>\n<\/ul>\n<\/div>\n<\/div>\n<\/div>\n<\/div>\n<\/div>\n<\/div>\n<\/div>\n<\/div>\n<\/div>\n<\/div>\n<\/section>\n<section id=\"a_SA5YfevmvR_a_SA5YfevmvR\" class=\"brz-section brz-css-d-section brz-css-12mk5ig\">\n<div class=\"brz-section__content brz-section--boxed brz-css-d-sectionitem-bg brz-css-1goru94\" data-brz-custom-id=\"og1MnyyM4SkG\">\n<div class=\"brz-bg\">\n<div class=\"brz-bg-color\"><\/div>\n<\/div>\n<div class=\"brz-container brz-css-d-sectionitem-container brz-css-1v5khm3\">\n<div class=\"brz-row__container brz-css-d-row-row brz-css-y2iak0\" data-brz-custom-id=\"r4apW42UVcw6\">\n<div class=\"brz-row brz-css-d-row-container brz-css-qcuyxk\">\n<div class=\"brz-columns brz-css-d-column-column brz-css-1klxoim\" data-brz-custom-id=\"rVRF9E1zEyrE\">\n<div class=\"brz-column__items brz-css-d-column-bg brz-css-1y2tmu\">\n<div id=\"\" class=\"brz-css-d-wrapper brz-css-4hmky4 brz-wrapper\">\n<div class=\"brz-rich-text brz-rich-text__custom brz-css-d-richtext brz-css-1pgnkox\" data-brz-custom-id=\"mcqzQKqGdSKp\">\n<div data-brz-translate-text=\"1\">\n<h3 class=\"brz-tp-lg-heading3 brz-css-meCFF\" data-uniq-id=\"mE5hp\" data-generated-css=\"brz-css-faIJD\"><span class=\"brz-cp-color2\"> <\/span><\/h3>\n<h3 class=\"brz-tp-lg-heading3 brz-css-cSWxE\" data-uniq-id=\"cWRfG\" data-generated-css=\"brz-css-nKv28\"><span class=\"brz-cp-color7\">Fiyatland\u0131rma, teknik detaylar veya proje bazl\u0131 talepleriniz i\u00e7in bizimle ileti\u015fime ge\u00e7ebilirsiniz.<\/span><\/h3>\n<p class=\"brz-tp-lg-paragraph brz-css-kiQDL\" data-uniq-id=\"w2VBT\" data-generated-css=\"brz-css-kDTwE\"><\/p>\n<p class=\"brz-tp-lg-paragraph brz-css-lmZDx\" data-uniq-id=\"akkkh\" data-generated-css=\"brz-css-bh381\"><\/p>\n<\/div>\n<\/div>\n<\/div>\n<div id=\"\" class=\"brz-css-d-wrapper brz-css-4wa5qs brz-wrapper\">\n<div class=\"brz-rich-text brz-rich-text__custom brz-css-d-richtext brz-css-omam74\" data-brz-custom-id=\"vf6pDogaW_iH\">\n<div data-brz-translate-text=\"1\">\n<p class=\"brz-tp-lg-paragraph brz-css-plw3y\" data-uniq-id=\"qI60o\" data-generated-css=\"brz-css-abIum\"><span class=\"brz-cp-color7\">Kuzgunlab Bili\u015fim Teknoloji ve Sanayi Ticaret Ltd. \u015eti.<\/span><\/p>\n<p class=\"brz-tp-lg-paragraph brz-css-mgLmz\" data-uniq-id=\"qI60o\" data-generated-css=\"brz-css-abIum\"><span class=\"brz-cp-color7\">\u00dc\u00e7evler mah. 85. (220) sk. No:9 N\u0130L\u00dcFER\/Bursa  <\/span><\/p>\n<p class=\"brz-tp-lg-paragraph brz-css-tZXNe\" data-uniq-id=\"qI60o\" data-generated-css=\"brz-css-abIum\"><span class=\"brz-cp-color7\">e-mail:\u0130nfo@kuzgunlab.com <\/span><\/p>\n<p data-uniq-id=\"qI60o\" data-generated-css=\"brz-css-abIum\" class=\"brz-tp-lg-paragraph brz-css-thwhJ\"><span class=\"brz-cp-color7\"> <\/span><\/p>\n<p data-uniq-id=\"qI60o\" data-generated-css=\"brz-css-abIum\" class=\"brz-tp-lg-paragraph brz-css-s7VWX\"><span class=\"brz-cp-color7\"> <\/span><\/p>\n<\/div>\n<\/div>\n<\/div>\n<div id=\"\" class=\"brz-css-d-wrapper brz-css-ji8t54 brz-wrapper\">\n<div class=\"brz-image brz-css-d-image-tk8mwfpmb8rq-parent brz-css-yd6x7g\" data-brz-custom-id=\"tk8mwfpmb8RQ\"><img decoding=\"async\" class=\"brz-img\" src=\"https:\/\/kuzgunlab.com\/wp-content\/uploads\/2025\/12\/wew-scaled.png\" loading=\"lazy\" title=\"\"><\/div>\n<\/div>\n<\/div>\n<\/div>\n<div class=\"brz-columns brz-css-d-column-column brz-css-11pxv8m\" data-brz-custom-id=\"b8eC3Ufw4JH6\">\n<div class=\"brz-column__items brz-css-d-column-bg brz-css-1maytur\">\n<div id=\"\" class=\"brz-css-d-wrapper brz-css-lmztgu brz-wrapper\">\n<div class=\"brz-wp-shortcode brz-css-d-wpcustomshortcode brz-css-1ws2hxe\" data-brz-custom-id=\"bBEy6LNsBnrG\">\n<div><style id=\"wpforms-css-vars-350\">\n\t\t\t\t#wpforms-350 {\n\t\t\t\t--wpforms-container-padding: 0px;\n--wpforms-container-border-width: 1px;\n--wpforms-container-border-radius: 3px;\n--wpforms-background-color: rgba(0, 0, 0, 0);\n--wpforms-field-size-input-height: 43px;\n--wpforms-field-size-input-spacing: 15px;\n--wpforms-field-size-font-size: 16px;\n--wpforms-field-size-line-height: 19px;\n--wpforms-field-size-padding-h: 14px;\n--wpforms-field-size-checkbox-size: 16px;\n--wpforms-field-size-sublabel-spacing: 5px;\n--wpforms-field-size-icon-size: 1;\n--wpforms-label-size-font-size: 16px;\n--wpforms-label-size-line-height: 19px;\n--wpforms-label-size-sublabel-font-size: 14px;\n--wpforms-label-size-sublabel-line-height: 17px;\n--wpforms-button-size-font-size: 17px;\n--wpforms-button-size-height: 41px;\n--wpforms-button-size-padding-h: 15px;\n--wpforms-button-size-margin-top: 10px;\n--wpforms-container-shadow-size-box-shadow: none;\n\t\t\t}\n\t\t\t<\/style><div class=\"wpforms-container wpforms-container-full wpforms-render-modern\" id=\"wpforms-350\"><form id=\"wpforms-form-350\" class=\"wpforms-validate wpforms-form wpforms-ajax-form\" data-formid=\"350\" method=\"post\" enctype=\"multipart\/form-data\" action=\"\/index.php?rest_route=%2Fwp%2Fv2%2Fpages%2F217\" data-token=\"42359ac17a6c121424208fcf7aa4c1f5\" data-token-time=\"1776444652\"><noscript class=\"wpforms-error-noscript\">Please enable JavaScript in your browser to complete this form.<\/noscript><div id=\"wpforms-error-noscript\" style=\"display: none;\">Please enable JavaScript in your browser to complete this form.<\/div><div class=\"wpforms-field-container\">\t\t<div id=\"wpforms-350-field_4-container\"\n\t\t\tclass=\"wpforms-field wpforms-field-text\"\n\t\t\tdata-field-type=\"text\"\n\t\t\tdata-field-id=\"4\"\n\t\t\t>\n\t\t\t<label class=\"wpforms-field-label\" for=\"wpforms-350-field_4\" >veya E-posta Mesaj<\/label>\n\t\t\t<input type=\"text\" id=\"wpforms-350-field_4\" class=\"wpforms-field-medium\" name=\"wpforms[fields][4]\" >\n\t\t<\/div>\n\t\t<div id=\"wpforms-350-field_1-container\" class=\"wpforms-field wpforms-field-name\" data-field-id=\"1\"><fieldset><legend class=\"wpforms-field-label\">Ad\u0131 Soyad\u0131 <span class=\"wpforms-required-label\" aria-hidden=\"true\">*<\/span><\/legend><div class=\"wpforms-field-row wpforms-field-medium\"><div class=\"wpforms-field-row-block wpforms-first wpforms-one-half\"><input type=\"text\" id=\"wpforms-350-field_1\" class=\"wpforms-field-name-first wpforms-field-required\" name=\"wpforms[fields][1][first]\" aria-errormessage=\"wpforms-350-field_1-error\" required><label for=\"wpforms-350-field_1\" class=\"wpforms-field-sublabel after\">First<\/label><\/div><div class=\"wpforms-field-row-block wpforms-one-half\"><input type=\"text\" id=\"wpforms-350-field_1-last\" class=\"wpforms-field-name-last wpforms-field-required\" name=\"wpforms[fields][1][last]\" aria-errormessage=\"wpforms-350-field_1-last-error\" required><label for=\"wpforms-350-field_1-last\" class=\"wpforms-field-sublabel after\">Last<\/label><\/div><\/div><\/fieldset><\/div><div id=\"wpforms-350-field_2-container\" class=\"wpforms-field wpforms-field-email\" data-field-id=\"2\"><label class=\"wpforms-field-label\" for=\"wpforms-350-field_2\">E-posta <span class=\"wpforms-required-label\" aria-hidden=\"true\">*<\/span><\/label><input type=\"email\" id=\"wpforms-350-field_2\" class=\"wpforms-field-medium wpforms-field-required\" name=\"wpforms[fields][2]\" spellcheck=\"false\" aria-errormessage=\"wpforms-350-field_2-error\" required><\/div><div id=\"wpforms-350-field_3-container\" class=\"wpforms-field wpforms-field-textarea\" data-field-id=\"3\"><label class=\"wpforms-field-label\" for=\"wpforms-350-field_3\">Yorum veya Mesaj<\/label><textarea id=\"wpforms-350-field_3\" class=\"wpforms-field-medium\" name=\"wpforms[fields][3]\" aria-errormessage=\"wpforms-350-field_3-error\" ><\/textarea><\/div><script>\n\t\t\t\t( function() {\n\t\t\t\t\tconst style = document.createElement( 'style' );\n\t\t\t\t\tstyle.appendChild( document.createTextNode( '#wpforms-350-field_4-container { position: absolute !important; overflow: hidden !important; display: inline !important; height: 1px !important; width: 1px !important; z-index: -1000 !important; padding: 0 !important; } #wpforms-350-field_4-container input { visibility: hidden; } #wpforms-conversational-form-page #wpforms-350-field_4-container label { counter-increment: none; }' ) );\n\t\t\t\t\tdocument.head.appendChild( style );\n\t\t\t\t\tdocument.currentScript?.remove();\n\t\t\t\t} )();\n\t\t\t<\/script><\/div><!-- .wpforms-field-container --><div class=\"wpforms-submit-container\" ><input type=\"hidden\" name=\"wpforms[id]\" value=\"350\"><input type=\"hidden\" name=\"page_title\" value=\"\"><input type=\"hidden\" name=\"page_url\" value=\"https:\/\/kuzgunlab.com\/index.php?rest_route=\/wp\/v2\/pages\/217\"><input type=\"hidden\" name=\"url_referer\" value=\"\"><button type=\"submit\" name=\"wpforms[submit]\" id=\"wpforms-submit-350\" class=\"wpforms-submit\" data-alt-text=\"G\u00f6nderiliyor...\" data-submit-text=\"G\u00f6nder\" aria-live=\"assertive\" value=\"wpforms-submit\">G\u00f6nder<\/button><img loading=\"lazy\" decoding=\"async\" src=\"https:\/\/kuzgunlab.com\/wp-content\/plugins\/wpforms-lite\/assets\/images\/submit-spin.svg\" class=\"wpforms-submit-spinner\" style=\"display: none;\" width=\"26\" height=\"26\" alt=\"Loading\"><\/div><\/form><\/div>  <!-- .wpforms-container -->\n<\/div>\n<\/div>\n<\/div>\n<\/div>\n<\/div>\n<\/div>\n<\/div>\n<\/div>\n<\/div>\n<\/section>\n<section id=\"kwuORRxtKxxi_kwuORRxtKxxi\" class=\"brz-section brz-css-d-section brz-css-nkeoj5\">\n<div class=\"brz-section__content brz-section--boxed brz-css-d-sectionitem-bg brz-css-invx9s\" data-brz-custom-id=\"pFyo4tUV7Qlv\">\n<div class=\"brz-bg\">\n<div class=\"brz-bg-color\"><\/div>\n<\/div>\n<div class=\"brz-container brz-css-d-sectionitem-container brz-css-1kgm4cs\">\n<div id=\"\" class=\"brz-css-d-wrapper brz-css-17kutkk brz-wrapper\">\n<div class=\"brz-rich-text brz-rich-text__custom brz-css-d-richtext brz-css-yn98ww\" data-brz-custom-id=\"bkk5cB5BR35Y\">\n<div data-brz-translate-text=\"1\">\n<p class=\"brz-text-lg-center brz-tp-lg-paragraph brz-css-aXLfn\" data-generated-css=\"brz-css-gb42w\" data-uniq-id=\"kNdGL\"><span class=\"brz-cp-color7\">***Payla\u015f\u0131lan t\u00fcm bilgiler gizlilik esas\u0131na uygun \u015fekilde de\u011ferlendirilir ve \u00fc\u00e7\u00fcnc\u00fc ki\u015filerle payla\u015f\u0131lmaz.<\/span><\/p>\n<\/div>\n<\/div>\n<\/div>\n<\/div>\n<\/div>\n<\/section>\n<section id=\"rsvp\" data-brz-id=\"uivdGmqxY90P_uivdGmqxY90P\" class=\"brz-section brz-css-d-section brz-css-12xmwi6\">\n<div class=\"brz-section__content brz-section--boxed brz-css-d-sectionitem-bg brz-css-rguygw\" data-brz-custom-id=\"pZSaODwH3Obc\">\n<div class=\"brz-bg\">\n<div class=\"brz-bg-image\"><\/div>\n<div class=\"brz-bg-color\"><\/div>\n<\/div>\n<div class=\"brz-container brz-css-d-sectionitem-container brz-css-kef9rj\">\n<div id=\"\" class=\"brz-css-d-wrapper brz-css-119h26l brz-wrapper\">\n<div class=\"brz-rich-text brz-rich-text__custom brz-css-d-richtext brz-css-1m3x3of\" data-brz-custom-id=\"tHOzi1Wyw2PS\">\n<div data-brz-translate-text=\"1\">\n<p class=\"brz-tp-xs-heading4 brz-text-lg-center brz-tp-lg-heading2 brz-css-mCfBc\" data-generated-css=\"brz-css-cXwDQ\" data-uniq-id=\"jrPFh\"><span class=\"brz-cp-color8\">Herkes i\u00e7in Fotonik<\/span><\/p>\n<\/div>\n<\/div>\n<\/div>\n<div id=\"\" class=\"brz-css-d-wrapper brz-css-r-wrapper brz-css-ifhr7k brz-wrapper\">\n<div class=\"brz-spacer brz-css-d-spacer brz-css-1ghbi3w\"><\/div>\n<\/div>\n<div id=\"\" class=\"brz-css-d-wrapper brz-css-1fdcs65 brz-wrapper\">\n<div class=\"brz-rich-text brz-rich-text__custom brz-css-d-richtext brz-css-w1oriz\" data-brz-custom-id=\"pq4DceFG2V4U\">\n<div data-brz-translate-text=\"1\">\n<p class=\"brz-text-lg-center brz-tp-lg-paragraph brz-css-vHPGx\" data-uniq-id=\"piKPP\" data-generated-css=\"brz-css-zQuiy\"><span class=\"brz-cp-color8\">Karma\u015f\u0131k fotonik \u00e7\u00f6z\u00fcmlerini herkes i\u00e7in eri\u015filebilir, anla\u015f\u0131l\u0131r ve uygulanabilir hale getirerek gelece\u011fin teknolojilerine y\u00f6n vermeyi hedefliyoruz.<\/span><\/p>\n<\/div>\n<\/div>\n<\/div>\n<div id=\"\" class=\"brz-css-d-wrapper brz-css-r-wrapper brz-css-17cqo7g brz-wrapper\">\n<div class=\"brz-spacer brz-css-d-spacer brz-css-1b51i1q\"><\/div>\n<\/div>\n<div id=\"\" class=\"brz-css-d-wrapper brz-css-1wss1mi brz-wrapper\">\n<div class=\"brz-menu-simple brz-css-d-wpnavigation brz-css-kl22ff\">\n<div style=\"min-height:20px\">\n<div class=\"menu-ust-menu-container\">\n<ul id=\"menu-ust-menu-1\" class=\"menu\">\n<li class=\"menu-item menu-item-type-post_type menu-item-object-page menu-item-home menu-item-905\"><a href=\"https:\/\/kuzgunlab.com\/\" class=\"menu-link\">Anasayfa<\/a><\/li>\n<li class=\"menu-item menu-item-type-post_type menu-item-object-page menu-item-has-children menu-item-1024\"><a aria-expanded=\"false\" href=\"https:\/\/kuzgunlab.com\/?page_id=1019\" class=\"menu-link\">Hizmetlerimiz<span role=\"application\" class=\"dropdown-menu-toggle ast-header-navigation-arrow\" aria-expanded=\"false\" aria-label=\"Menu d\u00fc\u011fmesi\"><\/span><\/a>\n<ul class=\"sub-menu\">\n<li class=\"menu-item menu-item-type-post_type menu-item-object-page menu-item-1034\"><a href=\"https:\/\/kuzgunlab.com\/?page_id=1030\" class=\"menu-link\">End\u00fcstriyel Teknolojiler<\/a><\/li>\n<li class=\"menu-item menu-item-type-post_type menu-item-object-page menu-item-1153\"><a href=\"https:\/\/kuzgunlab.com\/?page_id=1152\" class=\"menu-link\">Havac\u0131l\u0131k ve Savunma Teknolojileri<\/a><\/li>\n<li class=\"menu-item menu-item-type-post_type menu-item-object-page menu-item-1191\"><a href=\"https:\/\/kuzgunlab.com\/?page_id=1190\" class=\"menu-link\">Yapay Zeka Uygulamalar\u0131<\/a><\/li>\n<li class=\"menu-item menu-item-type-post_type menu-item-object-page menu-item-1184\"><a href=\"https:\/\/kuzgunlab.com\/?page_id=1183\" class=\"menu-link\">Teknik Servis ve Dan\u0131\u015fmanl\u0131k<\/a><\/li>\n<\/ul>\n<\/li>\n<li class=\"menu-item menu-item-type-post_type menu-item-object-page menu-item-221\"><a href=\"https:\/\/kuzgunlab.com\/?page_id=217\" class=\"menu-link\">\u0130leti\u015fim<\/a><\/li>\n<\/ul>\n<\/div>\n<\/div>\n<\/div>\n<\/div>\n<\/div>\n<\/div>\n<\/section>\n<section id=\"fZ261Y_0Q41m_fZ261Y_0Q41m\" class=\"brz-section brz-css-d-section brz-css-q1jq3u\">\n<div class=\"brz-section__content brz-section--boxed brz-css-d-sectionitem-bg brz-css-1liuml9\" data-brz-custom-id=\"ioQpHlw1c3uf\">\n<div class=\"brz-bg\">\n<div class=\"brz-bg-color\"><\/div>\n<\/div>\n<div class=\"brz-container brz-css-d-sectionitem-container brz-css-v7jjbe\">\n<div class=\"brz-row__container brz-css-d-row-row brz-css-a0ugor\" data-brz-custom-id=\"kkTHQ_LPgYrq\">\n<div class=\"brz-row brz-css-d-row-container brz-css-r-row-container brz-css-hox17c\">\n<div class=\"brz-columns brz-css-d-column-column brz-css-1yznwl3\" data-brz-custom-id=\"cCd_IIuPUhbh\">\n<div class=\"brz-column__items brz-css-d-column-bg brz-css-9z3rue\">\n<div id=\"\" class=\"brz-css-d-wrapper brz-css-1u1l4hd brz-wrapper\">\n<div class=\"brz-rich-text brz-rich-text__custom brz-css-d-richtext brz-css-1e14sor\" data-brz-custom-id=\"rmXe6ubAXTTN\">\n<div data-brz-translate-text=\"1\">\n<p class=\"brz-tp-lg-paragraph brz-tp-sm-paragraph brz-text-lg-left brz-text-xs-center brz-tp-xs-paragraph brz-css-xOtXB\" data-generated-css=\"brz-css-niTpv\" data-uniq-id=\"tBLdY\"><span class=\"brz-cp-color8\" style=\"opacity: 0.7\">All rights reserved \u00a9 2025 by kuzgunlab.<\/span><\/p>\n<\/div>\n<\/div>\n<\/div>\n<\/div>\n<\/div>\n<div class=\"brz-columns brz-css-d-column-column brz-css-1rb3dsh\" data-brz-custom-id=\"zCSA4xkZ325h\">\n<div class=\"brz-column__items brz-css-d-column-bg brz-css-1fn9mna\">\n<div class=\"brz-wrapper-clone brz-flex-xs-wrap brz-css-d-cloneable brz-css-kf7a0f\" data-brz-custom-id=\"eUZilcQhg9JX\">\n<div class=\"brz-icon__container\" data-brz-custom-id=\"ey9oQZPEApPf\"><a class=\"brz-a\" target=\"_self\" rel=\"noopener\" href=\"https:\/\/www.linkedin.com\/company\/kuzgunlab\" data-brz-link-type=\"external\"><span class=\"brz-icon brz-span brz-css-d-icon-icon brz-css-1av920o\"><\/span><\/a><\/div>\n<div class=\"brz-icon__container\" data-brz-custom-id=\"hGku4WJTjcJJ\"><span class=\"brz-icon brz-span brz-css-d-icon-icon brz-css-lemluy\"><\/span><\/div>\n<div class=\"brz-icon__container\" data-brz-custom-id=\"ilLmFM9NJKKM\"><span class=\"brz-icon brz-span brz-css-d-icon-icon brz-css-1exxvar\"><\/span><\/div>\n<div class=\"brz-icon__container\" data-brz-custom-id=\"r0AEfAJCBeUv\"><span class=\"brz-icon brz-span brz-css-d-icon-icon brz-css-1xv8dst\"><\/span><\/div>\n<\/div>\n<\/div>\n<\/div>\n<\/div>\n<\/div>\n<\/div>\n<\/div>\n<\/section><\/div>\n<p><!-- version:1767109787 --><\/p>\n","protected":false},"excerpt":{"rendered":"<p>\u0130LET\u0130\u015e\u0130M Anasayfa Hizmetlerimiz End\u00fcstriyel Teknolojiler Havac\u0131l\u0131k ve Savunma Teknolojileri Yapay Zeka Uygulamalar\u0131 Teknik Servis ve Dan\u0131\u015fmanl\u0131k \u0130leti\u015fim Fiyatland\u0131rma, teknik detaylar [&hellip;]<\/p>\n","protected":false},"author":1,"featured_media":0,"parent":0,"menu_order":0,"comment_status":"closed","ping_status":"closed","template":"brizy-blank-template.php","meta":{"site-sidebar-layout":"default","site-content-layout":"","ast-site-content-layout":"default","site-content-style":"default","site-sidebar-style":"default","ast-global-header-display":"","ast-banner-title-visibility":"","ast-main-header-display":"","ast-hfb-above-header-display":"","ast-hfb-below-header-display":"","ast-hfb-mobile-header-display":"","site-post-title":"","ast-breadcrumbs-content":"","ast-featured-img":"","footer-sml-layout":"","theme-transparent-header-meta":"","adv-header-id-meta":"","stick-header-meta":"","header-above-stick-meta":"","header-main-stick-meta":"","header-below-stick-meta":"","astra-migrate-meta-layouts":"default","ast-page-background-enabled":"default","ast-page-background-meta":{"desktop":{"background-color":"var(--ast-global-color-5)","background-image":"","background-repeat":"repeat","background-position":"center center","background-size":"auto","background-attachment":"scroll","background-type":"","background-media":"","overlay-type":"","overlay-color":"","overlay-opacity":"","overlay-gradient":""},"tablet":{"background-color":"","background-image":"","background-repeat":"repeat","background-position":"center center","background-size":"auto","background-attachment":"scroll","background-type":"","background-media":"","overlay-type":"","overlay-color":"","overlay-opacity":"","overlay-gradient":""},"mobile":{"background-color":"","background-image":"","background-repeat":"repeat","background-position":"center center","background-size":"auto","background-attachment":"scroll","background-type":"","background-media":"","overlay-type":"","overlay-color":"","overlay-opacity":"","overlay-gradient":""}},"ast-content-background-meta":{"desktop":{"background-color":"var(--ast-global-color-4)","background-image":"","background-repeat":"repeat","background-position":"center center","background-size":"auto","background-attachment":"scroll","background-type":"","background-media":"","overlay-type":"","overlay-color":"","overlay-opacity":"","overlay-gradient":""},"tablet":{"background-color":"var(--ast-global-color-4)","background-image":"","background-repeat":"repeat","background-position":"center center","background-size":"auto","background-attachment":"scroll","background-type":"","background-media":"","overlay-type":"","overlay-color":"","overlay-opacity":"","overlay-gradient":""},"mobile":{"background-color":"var(--ast-global-color-4)","background-image":"","background-repeat":"repeat","background-position":"center center","background-size":"auto","background-attachment":"scroll","background-type":"","background-media":"","overlay-type":"","overlay-color":"","overlay-opacity":"","overlay-gradient":""}},"footnotes":""},"class_list":["post-217","page","type-page","status-publish","hentry"],"brizy_media":[{"id":1262,"url":"https:\/\/kuzgunlab.com\/wp-content\/uploads\/2025\/12\/aaaaa.jpg","name":"aaaaa.jpg","meta":{"brizy_attachment_uid":"wp-f9ec0ee23cad72843f4940ddf1905657.jpg","brizy_post_uid":["60a02af6c113f963ceb674a01c352399","179673d438b09dee964c5137e8f3b263"]}},{"id":1298,"url":"https:\/\/kuzgunlab.com\/wp-content\/uploads\/2025\/12\/wew-scaled.png","name":"wew.png","meta":{"brizy_attachment_uid":"wp-daae07716b46e484b2f36c72db688e1e.png","brizy_post_uid":["179673d438b09dee964c5137e8f3b263"]}}],"_links":{"self":[{"href":"https:\/\/kuzgunlab.com\/index.php?rest_route=\/wp\/v2\/pages\/217","targetHints":{"allow":["GET"]}}],"collection":[{"href":"https:\/\/kuzgunlab.com\/index.php?rest_route=\/wp\/v2\/pages"}],"about":[{"href":"https:\/\/kuzgunlab.com\/index.php?rest_route=\/wp\/v2\/types\/page"}],"author":[{"embeddable":true,"href":"https:\/\/kuzgunlab.com\/index.php?rest_route=\/wp\/v2\/users\/1"}],"replies":[{"embeddable":true,"href":"https:\/\/kuzgunlab.com\/index.php?rest_route=%2Fwp%2Fv2%2Fcomments&post=217"}],"version-history":[{"count":4,"href":"https:\/\/kuzgunlab.com\/index.php?rest_route=\/wp\/v2\/pages\/217\/revisions"}],"predecessor-version":[{"id":1452,"href":"https:\/\/kuzgunlab.com\/index.php?rest_route=\/wp\/v2\/pages\/217\/revisions\/1452"}],"wp:attachment":[{"href":"https:\/\/kuzgunlab.com\/index.php?rest_route=%2Fwp%2Fv2%2Fmedia&parent=217"}],"curies":[{"name":"wp","href":"https:\/\/api.w.org\/{rel}","templated":true}]}}