{"id":1152,"date":"2025-12-29T10:29:12","date_gmt":"2025-12-29T10:29:12","guid":{"rendered":"https:\/\/kuzgunlab.com\/?page_id=1152"},"modified":"2026-04-06T18:36:35","modified_gmt":"2026-04-06T18:36:35","slug":"havacilik-ve-savunma-teknolojileri","status":"publish","type":"page","link":"https:\/\/kuzgunlab.com\/?page_id=1152","title":{"rendered":"Havac\u0131l\u0131k ve Savunma Teknolojileri"},"content":{"rendered":"<div class=\"brz brz-root__container brz-reset-all brz-root__container-page\">\n<section id=\"wXFo90MjwIEZ_wXFo90MjwIEZ\" class=\"brz-section brz-css-d-section brz-css-1sxsm7h\">\n<div class=\"brz-section__content brz-section--boxed brz-css-d-sectionitem-bg brz-css-xll4j8\" data-brz-custom-id=\"wfOxrX6EC6Og\">\n<div class=\"brz-bg\">\n<div class=\"brz-bg-image\"><\/div>\n<div class=\"brz-bg-color\"><\/div>\n<\/div>\n<div class=\"brz-container brz-css-d-sectionitem-container brz-css-hj10p6\">\n<div class=\"brz-row__container brz-css-d-row-row brz-css-tu5bp5\" data-brz-custom-id=\"vpn3VDzXvBBo\">\n<div class=\"brz-row brz-css-d-row-container brz-css-r-row-container brz-css-f9zsax\">\n<div class=\"brz-columns brz-css-d-column-column brz-css-1tx2mgk\" data-brz-custom-id=\"ihEYEntHfSQs\">\n<div class=\"brz-column__items brz-css-d-column-bg brz-css-1skti4p\">\n<div id=\"\" class=\"brz-css-d-wrapper brz-css-uv08ck brz-wrapper\">\n<div class=\"brz-image brz-css-d-image-px90lrv5mymh-parent brz-css-1an3kt7\" data-brz-custom-id=\"px90lrv5MymH\"><a class=\"brz-a\" target=\"_self\" rel=\"noopener\" href=\"https:\/\/kuzgunlab.com\/\" data-brz-link-type=\"page\"><img decoding=\"async\" class=\"brz-img\" src=\"https:\/\/kuzgunlab.com\/wp-content\/uploads\/2025\/12\/seffaf11-1.png\" loading=\"lazy\" title=\"\"><\/a><\/div>\n<\/div>\n<\/div>\n<\/div>\n<div class=\"brz-columns brz-css-d-column-column brz-css-1ct8woa\" data-brz-custom-id=\"l5Wd26d_LN9U\">\n<div class=\"brz-column__items brz-css-d-column-bg brz-css-kv3ox0\">\n<div id=\"\" data-brz-iteration-count=\"1\" class=\"brz-css-d-wrapper brz-css-t7zb7x brz-wrapper brz-animated brz-css-d-wrapper-animation-fadein-1000-0-false brz-css-1d6diby\" data-animationid=\"i8dXbuo8TjDy\">\n<div class=\"brz-rich-text brz-rich-text__custom brz-css-d-richtext brz-css-1tlvjn2\" data-brz-custom-id=\"oycZ7RnccACa\">\n<div data-brz-translate-text=\"1\">\n<p class=\"brz-ft-google brz-fs-lg-25 brz-fss-lg-px brz-fw-lg-700 brz-ls-lg-m_1_5 brz-lh-lg-1_3 brz-vfw-lg-400 brz-fwdth-lg-100 brz-fsft-lg-0 brz-tp-lg-empty brz-ff-nunito brz-mt-lg-100 brz-mb-lg-0 brz-text-lg-center brz-tp-xs-empty brz-fs-xs-21 brz-fss-xs-px brz-fw-xs-700 brz-ls-xs-m_1_5 brz-lh-xs-1_3 brz-vfw-xs-400 brz-fwdth-xs-100 brz-fsft-xs-0 brz-text-xs-center brz-css-pCXpC\" data-uniq-id=\"izDSm\" data-generated-css=\"brz-css-nMh4W\"><span class=\" brz-span\">HAVACILIK VE SAVUNMA TEKNOLOJ\u0130LER\u0130<\/span><\/p>\n<p class=\"brz-mb-lg-10 brz-mt-lg-10 brz-ft-google brz-fs-lg-25 brz-fss-lg-px brz-fw-lg-700 brz-ls-lg-m_1_5 brz-lh-lg-1_3 brz-vfw-lg-400 brz-fwdth-lg-100 brz-fsft-lg-0 brz-tp-lg-empty brz-ff-nunito brz-css-mq2kH\" data-uniq-id=\"qy_OZ\" data-generated-css=\"brz-css-s029u\"><\/p>\n<\/div>\n<\/div>\n<\/div>\n<div id=\"\" class=\"brz-css-d-wrapper brz-css-qt12fs brz-wrapper\">\n<div class=\"brz-menu-simple brz-css-d-wpnavigation brz-css-cy0qkj\">\n<div style=\"min-height:20px\">\n<div class=\"menu-ust-menu-container\">\n<ul id=\"menu-ust-menu\" class=\"menu\">\n<li id=\"menu-item-905\" class=\"menu-item menu-item-type-post_type menu-item-object-page menu-item-home menu-item-905\"><a href=\"https:\/\/kuzgunlab.com\/\" class=\"menu-link\">Anasayfa<\/a><\/li>\n<li id=\"menu-item-1024\" class=\"menu-item menu-item-type-post_type menu-item-object-page menu-item-has-children menu-item-1024\"><a aria-expanded=\"false\" href=\"https:\/\/kuzgunlab.com\/?page_id=1019\" class=\"menu-link\">Hizmetlerimiz<span role=\"application\" class=\"dropdown-menu-toggle ast-header-navigation-arrow\" aria-expanded=\"false\" aria-label=\"Menu d\u00fc\u011fmesi\"><\/span><\/a>\n<ul class=\"sub-menu\">\n<li id=\"menu-item-1034\" class=\"menu-item menu-item-type-post_type menu-item-object-page menu-item-1034\"><a href=\"https:\/\/kuzgunlab.com\/?page_id=1030\" class=\"menu-link\">End\u00fcstriyel Teknolojiler<\/a><\/li>\n<li id=\"menu-item-1153\" class=\"menu-item menu-item-type-post_type menu-item-object-page menu-item-1153\"><a href=\"https:\/\/kuzgunlab.com\/?page_id=1152\" class=\"menu-link\">Havac\u0131l\u0131k ve Savunma Teknolojileri<\/a><\/li>\n<li id=\"menu-item-1191\" class=\"menu-item menu-item-type-post_type menu-item-object-page menu-item-1191\"><a href=\"https:\/\/kuzgunlab.com\/?page_id=1190\" class=\"menu-link\">Yapay Zeka Uygulamalar\u0131<\/a><\/li>\n<li id=\"menu-item-1184\" class=\"menu-item menu-item-type-post_type menu-item-object-page menu-item-1184\"><a href=\"https:\/\/kuzgunlab.com\/?page_id=1183\" class=\"menu-link\">Teknik Servis ve Dan\u0131\u015fmanl\u0131k<\/a><\/li>\n<\/ul>\n<\/li>\n<li id=\"menu-item-221\" class=\"menu-item menu-item-type-post_type menu-item-object-page menu-item-221\"><a href=\"https:\/\/kuzgunlab.com\/?page_id=217\" class=\"menu-link\">\u0130leti\u015fim<\/a><\/li>\n<\/ul>\n<\/div>\n<\/div>\n<\/div>\n<\/div>\n<\/div>\n<\/div>\n<\/div>\n<\/div>\n<\/div>\n<\/div>\n<\/section>\n<section id=\"dclnDaTlmaki_dclnDaTlmaki\" class=\"brz-section brz-css-d-section brz-css-ze8cv\">\n<div class=\"brz-section__content brz-section--boxed brz-css-d-sectionitem-bg brz-css-ijp3pj\" data-brz-custom-id=\"a5RTWAnEcAcc\">\n<div class=\"brz-bg\">\n<div class=\"brz-bg-color\"><\/div>\n<\/div>\n<div class=\"brz-container brz-css-d-sectionitem-container brz-css-l0tcgp\">\n<div id=\"\" class=\"brz-css-d-wrapper brz-css-r-wrapper brz-css-18oo2q1 brz-wrapper\">\n<div class=\"brz-spacer brz-css-d-spacer brz-css-1km2sh1\"><\/div>\n<\/div>\n<div class=\"brz-row__container brz-css-d-row-row brz-css-v6vnmk\" data-brz-custom-id=\"uiGd0FgzWPz_\">\n<div class=\"brz-row brz-css-d-row-container brz-css-1cdq5zr\">\n<div class=\"brz-columns brz-css-d-column-column brz-css-sc5s57\" data-brz-custom-id=\"vU0eJK8u8KVL\">\n<div class=\"brz-column__items brz-css-d-column-bg brz-css-183avm2\">\n<div id=\"\" class=\"brz-css-d-wrapper brz-css-1rj1nes brz-wrapper\">\n<div class=\"brz-rich-text brz-rich-text__custom brz-css-d-richtext brz-css-1gwmj1j\" data-brz-custom-id=\"iC9SbdyzvF8d\">\n<div data-brz-translate-text=\"1\">\n<p class=\"brz-tp-lg-paragraph brz-text-lg-center brz-css-hyu48\" data-generated-css=\"brz-css-tdC9K\" data-uniq-id=\"qv5Xd\"><span class=\"brz-cp-color7\">kuzgunlab, havac\u0131l\u0131k ve savunma uygulamalar\u0131na y\u00f6nelik<\/span><\/p>\n<p class=\"brz-tp-lg-paragraph brz-text-lg-center brz-css-szrKQ\" data-generated-css=\"brz-css-liyED\" data-uniq-id=\"ncWZ9\"><span class=\"brz-cp-color7\">\u00f6zel fiber lazer sistemleri ve fiber optik bile\u015fenler geli\u015ftirir.<\/span><\/p>\n<p class=\"brz-tp-lg-paragraph brz-text-lg-center brz-css-eiW5H\" data-generated-css=\"brz-css-g3GUM\" data-uniq-id=\"zsUjx\"><span class=\"brz-cp-color7\">Her proje, uygulamaya \u00f6zel gereksinimler do\u011frultusunda ele al\u0131n\u0131r.<\/span><\/p>\n<p class=\"brz-tp-lg-paragraph brz-css-cz0oL\" data-generated-css=\"brz-css-ziZIw\" data-uniq-id=\"hqccE\"><span class=\"brz-cp-color7\"> <\/span><\/p>\n<\/div>\n<\/div>\n<\/div>\n<div id=\"\" class=\"brz-css-d-wrapper brz-css-1tpbxi6 brz-wrapper\">\n<div class=\"brz-image brz-css-d-image-j3ksegslwzhf-parent brz-css-1hz24k\" data-brz-custom-id=\"j3KsEgsLWzhf\"><img decoding=\"async\" class=\"brz-img\" src=\"https:\/\/kuzgunlab.com\/wp-content\/uploads\/2025\/12\/web2.png\" loading=\"lazy\" title=\"\"><\/div>\n<\/div>\n<\/div>\n<\/div>\n<div class=\"brz-columns brz-css-d-column-column brz-css-1sqfvi7\" data-brz-custom-id=\"jxKbXTj6hPVd\">\n<div class=\"brz-column__items brz-css-d-column-bg brz-css-16lw60f\">\n<div id=\"\" class=\"brz-css-d-wrapper brz-css-1pvg23a brz-wrapper\">\n<div class=\"brz-rich-text brz-rich-text__custom brz-css-d-richtext brz-css-1v2x0q9\" data-brz-custom-id=\"ppkROPmaBZCJ\">\n<div data-brz-translate-text=\"1\">\n<h3 class=\"brz-tp-lg-heading3 brz-text-lg-justify brz-css-dE1J8\" data-generated-css=\"brz-css-yxoHd\" data-uniq-id=\"u3tEi\"><span class=\"brz-cp-color7\">\u00d6zel Fiber Lazer Tasar\u0131mlar\u0131<\/span><\/h3>\n<h3 class=\"brz-tp-lg-heading3 brz-text-lg-justify brz-css-nVErp\" data-generated-css=\"brz-css-yxoHd\" data-uniq-id=\"u3tEi\"><span class=\"brz-cp-color7\"> <\/span><\/h3>\n<p class=\"brz-tp-lg-paragraph brz-text-lg-justify brz-css-iigPW\" data-generated-css=\"brz-css-fPdjr\" data-uniq-id=\"ynTKy\"><span class=\"brz-cp-color7\">G\u00f6rev kritik uygulamalar i\u00e7in <\/span><strong class=\"brz-cp-color7\">uygulamaya \u00f6zel fiber lazer sistemleri<\/strong><span class=\"brz-cp-color7\"> tasarl\u0131yoruz. Dalga boyu, g\u00fc\u00e7 seviyesi ve \u0131\u015f\u0131n karakteristi\u011fi; operasyonel ihtiya\u00e7lara g\u00f6re optimize edilir. Ama\u00e7, kararl\u0131 performans ve uzun \u00f6m\u00fcrl\u00fc sistemler elde etmektir.<\/span><\/p>\n<p class=\"brz-tp-lg-paragraph brz-text-lg-justify brz-css-ood8v\" data-generated-css=\"brz-css-unPv0\" data-uniq-id=\"ldmEE\"><span class=\"brz-cp-color7\"> <\/span><\/p>\n<h3 class=\"brz-tp-lg-heading3 brz-text-lg-justify brz-css-olk30\" data-generated-css=\"brz-css-xvcbT\" data-uniq-id=\"glZ3F\"><span class=\"brz-cp-color7\">Fiber Optik Bile\u015fen \u00dcretimi<\/span><\/h3>\n<h3 class=\"brz-tp-lg-heading3 brz-text-lg-justify brz-css-t03_M\" data-generated-css=\"brz-css-xvcbT\" data-uniq-id=\"glZ3F\"><span class=\"brz-cp-color7\"> <\/span><\/h3>\n<p class=\"brz-tp-lg-paragraph brz-text-lg-justify brz-css-heW2Q\" data-generated-css=\"brz-css-yqTt9\" data-uniq-id=\"bBMCj\"><span class=\"brz-cp-color7\">Lazer sistemlerinin temelini olu\u015fturan <\/span><strong class=\"brz-cp-color7\">fiber optik bile\u015fenlerin tasar\u0131m ve \u00fcretimini<\/strong><span class=\"brz-cp-color7\"> y\u00fcksek hassasiyetle ger\u00e7ekle\u015ftiriyoruz. D\u00fc\u015f\u00fck kay\u0131p, y\u00fcksek dayan\u0131m ve zorlu \u00e7evresel ko\u015fullara uygunluk \u00f6nceli\u011fimizdir.<\/span><\/p>\n<p class=\"brz-tp-lg-paragraph brz-text-lg-justify brz-css-vMABO\" data-generated-css=\"brz-css-rpLYN\" data-uniq-id=\"mA5eJ\"><span class=\"brz-cp-color7\"> <\/span><\/p>\n<h3 class=\"brz-tp-lg-heading3 brz-text-lg-justify brz-css-wewJJ\" data-generated-css=\"brz-css-qniGB\" data-uniq-id=\"qZIM1\"><span class=\"brz-cp-color7\">Ar-Ge ve Gizlilik Odakl\u0131 Yakla\u015f\u0131m<\/span><\/h3>\n<h3 class=\"brz-tp-lg-heading3 brz-text-lg-justify brz-css-w60j_\" data-generated-css=\"brz-css-qniGB\" data-uniq-id=\"qZIM1\"><span class=\"brz-cp-color7\"> <\/span><\/h3>\n<p class=\"brz-tp-lg-paragraph brz-text-lg-justify brz-bcp-color7 brz-css-wVgNX\" data-generated-css=\"brz-css-aw1pH\" data-uniq-id=\"dgjGW\"><span class=\"brz-cp-color7\">Her proje, <\/span><strong class=\"brz-cp-color7\">Ar-Ge temelli ve gizlilik esasl\u0131<\/strong><span class=\"brz-cp-color7\"> bir m\u00fchendislik anlay\u0131\u015f\u0131yla ele al\u0131n\u0131r. Standart \u00e7\u00f6z\u00fcmler yerine, projeye \u00f6zel ve s\u00fcrd\u00fcr\u00fclebilir teknik yakla\u015f\u0131mlar geli\u015ftirilir.<\/span><\/p>\n<\/div>\n<\/div>\n<\/div>\n<\/div>\n<\/div>\n<\/div>\n<\/div>\n<\/div>\n<\/div>\n<\/section>\n<section id=\"cK2UwwW_NWN9_cK2UwwW_NWN9\" class=\"brz-section brz-css-d-section brz-css-nbpj41\">\n<div class=\"brz-section__content brz-section--boxed brz-css-d-sectionitem-bg brz-css-1twtndv\" data-brz-custom-id=\"nxg8DGzSGxa2\">\n<div class=\"brz-bg\">\n<div class=\"brz-bg-color\"><\/div>\n<\/div>\n<div class=\"brz-container brz-css-d-sectionitem-container brz-css-lkewex\">\n<div class=\"brz-wrapper-clone brz-flex-xs-wrap brz-css-d-cloneable brz-css-8jsz1y\" data-brz-custom-id=\"sdAeqeGepkxf\">\n<div class=\"brz-hover-animation__container\" data-brz-hover-animationid=\"sdAeqeGepkxf\" data-brz-hover-options=\"%7B%22fill%22:%22forwards%22,%22easing%22:%22ease%22,%22duration%22:600,%22iterations%22:1%7D\" data-brz-hover-reversible=\"true\" data-brz-hover-target=\"%22firstChild%22\" data-brz-hover-animation=\"%5B%7B%22WebkitTransform%22:%22translateY(-0px)%22,%22transform%22:%22translateY(-0px)%22,%22offset%22:0%7D,%7B%22WebkitTransform%22:%22translateY(-8px)%22,%22transform%22:%22translateY(-8px)%22,%22offset%22:1%7D%5D\"><a class=\"brz-a brz-btn brz-css-d-button brz-css-11zqhnv brz-css-d-button-bg brz-css-1nyc873\" target=\"_self\" rel=\"noopener\" href=\"https:\/\/kuzgunlab.com\/?page_id=217\" data-brz-link-type=\"page\" data-brz-custom-id=\"adY2jO_FVNGj\"><span data-brz-translate-text=\"1\" class=\"brz-span brz-text__editor\">Lazer \u00e7\u00f6z\u00fcmlerimiz i\u00e7in bilgi al\u0131n<\/span><\/a><\/div>\n<\/div>\n<\/div>\n<\/div>\n<\/section>\n<section id=\"rsvp\" data-brz-id=\"qmIelt0yOAES_qmIelt0yOAES\" class=\"brz-section brz-css-d-section brz-css-xjqdwx\">\n<div class=\"brz-section__content brz-section--boxed brz-css-d-sectionitem-bg brz-css-1b8pduk\" data-brz-custom-id=\"wxKM8grZHaw_\">\n<div class=\"brz-bg\">\n<div class=\"brz-bg-image\"><\/div>\n<div class=\"brz-bg-color\"><\/div>\n<\/div>\n<div class=\"brz-container brz-css-d-sectionitem-container brz-css-s9o59z\">\n<div id=\"\" class=\"brz-css-d-wrapper brz-css-9o4w20 brz-wrapper\">\n<div class=\"brz-rich-text brz-rich-text__custom brz-css-d-richtext brz-css-1nxk3qp\" data-brz-custom-id=\"xBF_tDOxSh6x\">\n<div data-brz-translate-text=\"1\">\n<p class=\"brz-tp-xs-heading4 brz-text-lg-center brz-tp-lg-heading2 brz-css-oJykm\" data-generated-css=\"brz-css-cXwDQ\" data-uniq-id=\"jrPFh\"><span class=\"brz-cp-color8\">Herkes i\u00e7in Fotonik<\/span><\/p>\n<\/div>\n<\/div>\n<\/div>\n<div id=\"\" class=\"brz-css-d-wrapper brz-css-r-wrapper brz-css-wxdobe brz-wrapper\">\n<div class=\"brz-spacer brz-css-d-spacer brz-css-13pfxjh\"><\/div>\n<\/div>\n<div id=\"\" class=\"brz-css-d-wrapper brz-css-jnk1us brz-wrapper\">\n<div class=\"brz-rich-text brz-rich-text__custom brz-css-d-richtext brz-css-1f3e437\" data-brz-custom-id=\"jV0TVxmc4ss0\">\n<div data-brz-translate-text=\"1\">\n<p class=\"brz-text-lg-center brz-tp-lg-paragraph brz-css-yHm_I\" data-uniq-id=\"piKPP\" data-generated-css=\"brz-css-zQuiy\"><span class=\"brz-cp-color8\">Karma\u015f\u0131k fotonik \u00e7\u00f6z\u00fcmlerini herkes i\u00e7in eri\u015filebilir, anla\u015f\u0131l\u0131r ve uygulanabilir hale getirerek gelece\u011fin teknolojilerine y\u00f6n vermeyi hedefliyoruz.<\/span><\/p>\n<\/div>\n<\/div>\n<\/div>\n<div id=\"\" class=\"brz-css-d-wrapper brz-css-r-wrapper brz-css-1fmg3px brz-wrapper\">\n<div class=\"brz-spacer brz-css-d-spacer brz-css-1572rvz\"><\/div>\n<\/div>\n<div class=\"brz-wrapper-clone brz-flex-xs-wrap brz-css-d-cloneable brz-css-1yk0bog\" data-brz-custom-id=\"nlkkkm7o6GFg\"><a class=\"brz-a brz-btn brz-css-d-button brz-css-1lxyd0g brz-css-d-button-bg brz-css-17pxlqw\" target=\"_self\" rel=\"noopener\" href=\"https:\/\/kuzgunlab.com\/?page_id=217\" data-brz-link-type=\"page\" data-brz-custom-id=\"y05v1m9iytZi\"><span data-brz-translate-text=\"1\" class=\"brz-span brz-text__editor\">Bizimle \u0130leti\u015fime Ge\u00e7in<\/span><\/a><\/div>\n<\/div>\n<\/div>\n<\/section>\n<section id=\"zXY9ZQk9xwyD_zXY9ZQk9xwyD\" class=\"brz-section brz-css-d-section brz-css-ckfq0e\">\n<div class=\"brz-section__content brz-section--boxed brz-css-d-sectionitem-bg brz-css-uqxqza\" data-brz-custom-id=\"hrnjo2a8z0Y0\">\n<div class=\"brz-bg\">\n<div class=\"brz-bg-color\"><\/div>\n<\/div>\n<div class=\"brz-container brz-css-d-sectionitem-container brz-css-g11c3b\">\n<div class=\"brz-row__container brz-css-d-row-row brz-css-1t9f6z1\" data-brz-custom-id=\"iYwh5JX7nCiR\">\n<div class=\"brz-row brz-css-d-row-container brz-css-r-row-container brz-css-9hg6qp\">\n<div class=\"brz-columns brz-css-d-column-column brz-css-ifd0wp\" data-brz-custom-id=\"cvuYHhOEEAEy\">\n<div class=\"brz-column__items brz-css-d-column-bg brz-css-cqslka\">\n<div id=\"\" class=\"brz-css-d-wrapper brz-css-mkzi69 brz-wrapper\">\n<div class=\"brz-rich-text brz-rich-text__custom brz-css-d-richtext brz-css-1gbocn5\" data-brz-custom-id=\"xVkP733kLOg5\">\n<div data-brz-translate-text=\"1\">\n<p class=\"brz-tp-lg-paragraph brz-tp-sm-paragraph brz-text-lg-left brz-text-xs-center brz-tp-xs-paragraph brz-css-j_ZbN\" data-generated-css=\"brz-css-niTpv\" data-uniq-id=\"tBLdY\"><span class=\"brz-cp-color8\" style=\"opacity: 0.7\">All rights reserved \u00a9 2025 by kuzgunlab.<\/span><\/p>\n<\/div>\n<\/div>\n<\/div>\n<\/div>\n<\/div>\n<div class=\"brz-columns brz-css-d-column-column brz-css-rjk8cp\" data-brz-custom-id=\"kulZBE3Rbz4O\">\n<div class=\"brz-column__items brz-css-d-column-bg brz-css-1q89ll5\">\n<div class=\"brz-wrapper-clone brz-flex-xs-wrap brz-css-d-cloneable brz-css-1me94n9\" data-brz-custom-id=\"byTJbYY0ZISY\">\n<div class=\"brz-icon__container\" data-brz-custom-id=\"bRmfVoOUA2jR\"><a class=\"brz-a\" target=\"_self\" rel=\"noopener\" href=\"https:\/\/www.linkedin.com\/company\/kuzgunlab\" data-brz-link-type=\"external\"><span class=\"brz-icon brz-span brz-css-d-icon-icon brz-css-xobkx7\"><\/span><\/a><\/div>\n<div class=\"brz-icon__container\" data-brz-custom-id=\"mC1tDXZkKzno\"><span class=\"brz-icon brz-span brz-css-d-icon-icon brz-css-a7iw0v\"><\/span><\/div>\n<div class=\"brz-icon__container\" data-brz-custom-id=\"pGGeWgT1VWi1\"><span class=\"brz-icon brz-span brz-css-d-icon-icon brz-css-10wweu1\"><\/span><\/div>\n<div class=\"brz-icon__container\" data-brz-custom-id=\"aMR7KaQE0MP9\"><span class=\"brz-icon brz-span brz-css-d-icon-icon brz-css-1uz99o4\"><\/span><\/div>\n<\/div>\n<\/div>\n<\/div>\n<\/div>\n<\/div>\n<\/div>\n<\/div>\n<\/section><\/div>\n<p><!-- version:1767108097 --><\/p>\n","protected":false},"excerpt":{"rendered":"<p>HAVACILIK VE SAVUNMA TEKNOLOJ\u0130LER\u0130 Anasayfa Hizmetlerimiz End\u00fcstriyel Teknolojiler Havac\u0131l\u0131k ve Savunma Teknolojileri Yapay Zeka Uygulamalar\u0131 Teknik Servis ve Dan\u0131\u015fmanl\u0131k \u0130leti\u015fim [&hellip;]<\/p>\n","protected":false},"author":1,"featured_media":0,"parent":0,"menu_order":0,"comment_status":"closed","ping_status":"closed","template":"brizy-blank-template.php","meta":{"site-sidebar-layout":"default","site-content-layout":"","ast-site-content-layout":"default","site-content-style":"default","site-sidebar-style":"default","ast-global-header-display":"","ast-banner-title-visibility":"","ast-main-header-display":"","ast-hfb-above-header-display":"","ast-hfb-below-header-display":"","ast-hfb-mobile-header-display":"","site-post-title":"","ast-breadcrumbs-content":"","ast-featured-img":"","footer-sml-layout":"","theme-transparent-header-meta":"","adv-header-id-meta":"","stick-header-meta":"","header-above-stick-meta":"","header-main-stick-meta":"","header-below-stick-meta":"","astra-migrate-meta-layouts":"default","ast-page-background-enabled":"default","ast-page-background-meta":{"desktop":{"background-color":"var(--ast-global-color-5)","background-image":"","background-repeat":"repeat","background-position":"center center","background-size":"auto","background-attachment":"scroll","background-type":"","background-media":"","overlay-type":"","overlay-color":"","overlay-opacity":"","overlay-gradient":""},"tablet":{"background-color":"","background-image":"","background-repeat":"repeat","background-position":"center center","background-size":"auto","background-attachment":"scroll","background-type":"","background-media":"","overlay-type":"","overlay-color":"","overlay-opacity":"","overlay-gradient":""},"mobile":{"background-color":"","background-image":"","background-repeat":"repeat","background-position":"center center","background-size":"auto","background-attachment":"scroll","background-type":"","background-media":"","overlay-type":"","overlay-color":"","overlay-opacity":"","overlay-gradient":""}},"ast-content-background-meta":{"desktop":{"background-color":"var(--ast-global-color-4)","background-image":"","background-repeat":"repeat","background-position":"center center","background-size":"auto","background-attachment":"scroll","background-type":"","background-media":"","overlay-type":"","overlay-color":"","overlay-opacity":"","overlay-gradient":""},"tablet":{"background-color":"var(--ast-global-color-4)","background-image":"","background-repeat":"repeat","background-position":"center center","background-size":"auto","background-attachment":"scroll","background-type":"","background-media":"","overlay-type":"","overlay-color":"","overlay-opacity":"","overlay-gradient":""},"mobile":{"background-color":"var(--ast-global-color-4)","background-image":"","background-repeat":"repeat","background-position":"center center","background-size":"auto","background-attachment":"scroll","background-type":"","background-media":"","overlay-type":"","overlay-color":"","overlay-opacity":"","overlay-gradient":""}},"footnotes":""},"class_list":["post-1152","page","type-page","status-publish","hentry"],"brizy_media":[{"id":774,"url":"https:\/\/kuzgunlab.com\/wp-content\/uploads\/2025\/12\/web2.png","name":"web2.png","meta":{"brizy_attachment_uid":"wp-90ea43630b9951d51f82caaed0890eb1.png","brizy_post_uid":["58da5060992d773c357bb7e2bdab61bb","c66b76c14c7bd7da5392c752930fa3e4"]}}],"_links":{"self":[{"href":"https:\/\/kuzgunlab.com\/index.php?rest_route=\/wp\/v2\/pages\/1152","targetHints":{"allow":["GET"]}}],"collection":[{"href":"https:\/\/kuzgunlab.com\/index.php?rest_route=\/wp\/v2\/pages"}],"about":[{"href":"https:\/\/kuzgunlab.com\/index.php?rest_route=\/wp\/v2\/types\/page"}],"author":[{"embeddable":true,"href":"https:\/\/kuzgunlab.com\/index.php?rest_route=\/wp\/v2\/users\/1"}],"replies":[{"embeddable":true,"href":"https:\/\/kuzgunlab.com\/index.php?rest_route=%2Fwp%2Fv2%2Fcomments&post=1152"}],"version-history":[{"count":5,"href":"https:\/\/kuzgunlab.com\/index.php?rest_route=\/wp\/v2\/pages\/1152\/revisions"}],"predecessor-version":[{"id":1413,"href":"https:\/\/kuzgunlab.com\/index.php?rest_route=\/wp\/v2\/pages\/1152\/revisions\/1413"}],"wp:attachment":[{"href":"https:\/\/kuzgunlab.com\/index.php?rest_route=%2Fwp%2Fv2%2Fmedia&parent=1152"}],"curies":[{"name":"wp","href":"https:\/\/api.w.org\/{rel}","templated":true}]}}